{"id":76,"date":"2020-03-11T16:17:30","date_gmt":"2020-03-11T15:17:30","guid":{"rendered":"http:\/\/heilpraktikerin-blume.de\/?page_id=76"},"modified":"2020-05-26T15:45:03","modified_gmt":"2020-05-26T13:45:03","slug":"impressum","status":"publish","type":"page","link":"https:\/\/heilpraktikerin-blume.de\/?page_id=76","title":{"rendered":"IMPRESSUM"},"content":{"rendered":"\n<h2 class=\"wp-block-heading\">Angaben gem\u00e4\u00df \u00a7 5 TMG und verantwortlich f\u00fcr den Inhalt nach \u00a7 55 Abs. 2 RStV:<\/h2>\n\n\n\n<p><\/p>\n\n\n\n<p>Zentrum Percura<br>Am Holzberg 15<br>38271 Badeckenstedt<\/p>\n\n\n\n<p>Steuernummer: 51\/104\/06207<\/p>\n\n\n\n<p>Umsatzsteuer-ID: DE329105787<\/p>\n\n\n\n<p>Verantwortlicher Ansprechpartner: Frauke Blume<\/p>\n\n\n\n<p>Tel.: 01520\/4835947<br>E-Mail:\u00a0<a rel=\"noreferrer noopener\" href=\"mailto:info@heilpraktikerin-blume.de\" target=\"_blank\">info@heilpraktikerin-blume.de<\/a><br>Website:\u00a0<a rel=\"noreferrer noopener\" href=\"http:\/\/www.heilpraktikerin-blume.de\/\" target=\"_blank\">www.heilpraktikerin-blume.de<\/a><\/p>\n\n\n\n<p><br><br><strong>Berufsbezeichnung:<\/strong><br>Heilpraktiker, verliehen in der Bundesrepublik Deutschland, erteilt am 16.02.2000 durch das Gesundheitsamt Salzgitter<br><br>Der Titel &#8222;Heilpraktiker&#8220; ist eine in Deutschland nach dem Heilpraktikergesetz (HPG) vom 17.02.1939 erteilte Berufsbezeichnung. \u00dcber den Antrag auf Erteilung entscheidet nach der Durchf\u00fchrungsverordnung zum Heilpraktikergesetz (DVO) vom 18.02.1939 die Untere Verwaltungsbeh\u00f6rde.<br><br><strong>Zust\u00e4ndige Aufsichtsbeh\u00f6rde:<\/strong><br>Gesundheitsamt Wolfenb\u00fcttel, Friedrich-Wilhelm Stra\u00dfe2a, 38302 Wolfenb\u00fcttel<br><br><strong>Berufsrechtliche Regelungen:<\/strong><br>Gesetz \u00fcber die berufsm\u00e4\u00dfige Aus\u00fcbung der Heilkunde ohne Bestallung,<br>Heilpraktikergesetz, BGBl., III 2122-2<br>Durchf\u00fchrungsverordnung zum Heilpraktikergesetz, BGBI., III 2122-2-1<br>Berufsordnung f\u00fcr Heilpraktiker: <a rel=\"noreferrer noopener\" href=\"https:\/\/www.bdhn.de\/berufsordnung\" target=\"_blank\">https:\/\/www.bdhn.de\/berufsordnung<\/a><br><br><strong>Verbands-oder Vereinszugeh\u00f6rigkeit:<\/strong><br>Union Deutscher Heilpraktiker e.V.<br>Bundesverband<br>Peter-Hahn-Weg 5<br>42651 Solingen<br><br>Telefon 0212\/4 72 85<br>Telefax 0212\/4 27 11<br><a href=\"mailto:kontakt@udh-bundesverband.de\">kontakt@udh-<\/a><a rel=\"noreferrer noopener\" href=\"mailto:kontakt@udh-bundesverband.de\" target=\"_blank\">bundesverband.de<\/a>\u00a0<br><br><strong>Berufshaftpflichtversicherung<\/strong>:<br>Continale Sachversicherung AG<br>Servicecenter Gewerbe Haftpflicht 2<br>Ruhrallee 92<br>44139 Dortmund<br><br><strong>Inhaltlich Verantwortliche:<\/strong><br>Frauke Blume<br>Am Holzberg 15<br>38271 Baddeckenstedt<br><br>Die rechtliche Ordnungsm\u00e4\u00dfigkeit dieser Homepage wurde \u00fcberpr\u00fcft vom Datenschutzbeauftragtem Klaus M\u00fcnster.<br>Tel: 0173\/1941058 E-Mail:\u00a0<a href=\"mailto:klaus.muenster@outlook.de\">klaus.muenster@<\/a><a rel=\"noreferrer noopener\" href=\"mailto:klaus.muenster@outlook.de\" target=\"_blank\">outlook.de<\/a><\/p>\n\n\n\n<p>Dienstleistungen werden Deutschland- und Europaweit angeboten.<\/p>\n\n\n\n<p>Dieses Impressum gilt auch f\u00fcr mein Social Media Profil:<\/p>\n\n\n\n<div class=\"wp-block-group\"><div class=\"wp-block-group__inner-container is-layout-flow wp-block-group-is-layout-flow\">\n<p><a rel=\"noreferrer noopener\" href=\"https:\/\/www.facebook.com\/NatuerlicheHeilung\" target=\"_blank\">https:\/\/www.facebook.com\/NatuerlicheHeilung<\/a><\/p>\n\n\n\n<p><a rel=\"noreferrer noopener\" href=\"https:\/\/www.facebook.com\/achkeepsimple\" target=\"_blank\">https:\/\/www.facebook.com\/achkeepsimple<\/a><\/p>\n\n\n\n<p><\/p>\n<\/div><\/div>\n\n\n\n<p>Bilderquelle: Pixabay \u2013&nbsp;<a href=\"http:\/\/www.pixabay.com\/\">https:\/\/www.pixabay.com\/<\/a><\/p>\n\n\n\n<p>Bearbeitung mit: Canva \u2013\u00a0<a href=\"https:\/\/www.canva.com\/\" target=\"_blank\" rel=\"noreferrer noopener\">https:\/\/www.canva.com<\/a><\/p>\n\n\n\n<p>Der Nutzung von im Rahmen der Impressumspflicht ver\u00f6ffentlichten Kontaktdaten durch Dritte zur \u00dcbersendung von nicht ausdr\u00fccklich angeforderter Werbung und Informationsmaterialien wird hiermit ausdr\u00fccklich widersprochen.<\/p>\n\n\n\n<p>Der Betreiber der Seite beh\u00e4lt sich ausdr\u00fccklich rechtliche Schritte im Falle der unverlangten Zusendung von Werbeinformationen, etwa durch Spam-Mails, vor.<\/p>\n\n\n\n<p><\/p>\n\n\n\n<p><\/p>\n\n\n\n<h2 class=\"wp-block-heading\">Haftungsausschluss<\/h2>\n\n\n\n<p><\/p>\n\n\n\n<p><\/p>\n\n\n\n<p><\/p>\n\n\n\n<h2 class=\"wp-block-heading\">Haftung f\u00fcr Inhalte<\/h2>\n\n\n\n<p>Die Inhalte unserer Seiten wurden mit gr\u00f6\u00dfter Sorgfalt erstellt. F\u00fcr die Richtigkeit, Vollst\u00e4ndigkeit und Aktualit\u00e4t der Inhalte k\u00f6nnen wir jedoch keine Gew\u00e4hr \u00fcbernehmen. Als Diensteanbieter sind wir gem\u00e4\u00df \u00a7 7 Abs.1 TMG f\u00fcr eigene Inhalte auf diesen Seiten nach den allgemeinen Gesetzen verantwortlich. Nach \u00a7\u00a7 8 bis 10 TMG sind wir als Diensteanbieter jedoch nicht verpflichtet, \u00fcbermittelte oder gespeicherte fremde Informationen zu \u00fcberwachen oder nach Umst\u00e4nden zu forschen, die auf eine rechtswidrige T\u00e4tigkeit hinweisen. Verpflichtungen zur Entfernung oder Sperrung der Nutzung von Informationen nach den allgemeinen Gesetzen bleiben hiervon unber\u00fchrt. Eine diesbez\u00fcgliche Haftung ist jedoch erst ab dem Zeitpunkt der Kenntnis einer konkreten Rechtsverletzung m\u00f6glich. Bei Bekanntwerden von entsprechenden Rechtsverletzungen werden wir diese Inhalte umgehend entfernen.<\/p>\n\n\n\n<p><\/p>\n\n\n\n<h2 class=\"wp-block-heading\">Haftung f\u00fcr Links<\/h2>\n\n\n\n<p>Unser Angebot enth\u00e4lt Links zu externen Webseiten Dritter, auf deren Inhalte wir keinen Einfluss haben. Deshalb k\u00f6nnen wir f\u00fcr diese fremden Inhalte auch keine Gew\u00e4hr \u00fcbernehmen. F\u00fcr die Inhalte der verlinkten Seiten ist stets der jeweilige Anbieter oder Betreiber der Seiten verantwortlich. Die verlinkten Seiten wurden zum Zeitpunkt der Verlinkung auf m\u00f6gliche Rechtsverst\u00f6\u00dfe \u00fcberpr\u00fcft. Rechtswidrige Inhalte waren zum Zeitpunkt der Verlinkung nicht erkennbar. Eine permanente inhaltliche Kontrolle der verlinkten Seiten ist jedoch ohne konkrete Anhaltspunkte einer Rechtsverletzung nicht zumutbar. Bei Bekanntwerden von Rechtsverletzungen werden wir derartige Links umgehend entfernen.<\/p>\n\n\n\n<p><\/p>\n\n\n\n<h2 class=\"wp-block-heading\">Urheberrecht<\/h2>\n\n\n\n<p>Die durch die Seitenbetreiber erstellten Inhalte und Werke auf diesen Seiten unterliegen dem deutschen Urheberrecht. Die Vervielf\u00e4ltigung, Bearbeitung, Verbreitung und jede Art der Verwertung au\u00dferhalb der Grenzen des Urheberrechtes bed\u00fcrfen der schriftlichen Zustimmung des jeweiligen Autors bzw. Erstellers. Downloads und Kopien dieser Seite sind nur f\u00fcr den privaten, nicht kommerziellen Gebrauch gestattet. Soweit die Inhalte auf dieser Seite nicht vom Betreiber erstellt wurden, werden die Urheberrechte Dritter beachtet. Insbesondere werden Inhalte Dritter als solche gekennzeichnet. Sollten Sie trotzdem auf eine Urheberrechtsverletzung aufmerksam werden, bitten wir um einen entsprechenden Hinweis. Bei Bekanntwerden von Rechtsverletzungen werden wir derartige Inhalte umgehend entfernen.<\/p>\n","protected":false},"excerpt":{"rendered":"<p>Angaben gem\u00e4\u00df \u00a7 5 TMG und verantwortlich f\u00fcr den Inhalt nach \u00a7 55 Abs. 2 RStV: Zentrum PercuraAm Holzberg 1538271 Badeckenstedt Steuernummer: 51\/104\/06207 Umsatzsteuer-ID: DE329105787 Verantwortlicher Ansprechpartner: Frauke Blume Tel.: 01520\/4835947E-Mail:\u00a0info@heilpraktikerin-blume.deWebsite:\u00a0www.heilpraktikerin-blume.de Berufsbezeichnung:Heilpraktiker, verliehen in der Bundesrepublik Deutschland, erteilt am 16.02.2000 durch das Gesundheitsamt Salzgitter Der Titel &#8222;Heilpraktiker&#8220; ist eine in Deutschland nach dem Heilpraktikergesetz (HPG) [&hellip;]<\/p>\n","protected":false},"author":1,"featured_media":0,"parent":0,"menu_order":0,"comment_status":"closed","ping_status":"closed","template":"","meta":{"_et_pb_use_builder":"off","_et_pb_old_content":"","_et_gb_content_width":"","footnotes":""},"_links":{"self":[{"href":"https:\/\/heilpraktikerin-blume.de\/index.php?rest_route=\/wp\/v2\/pages\/76"}],"collection":[{"href":"https:\/\/heilpraktikerin-blume.de\/index.php?rest_route=\/wp\/v2\/pages"}],"about":[{"href":"https:\/\/heilpraktikerin-blume.de\/index.php?rest_route=\/wp\/v2\/types\/page"}],"author":[{"embeddable":true,"href":"https:\/\/heilpraktikerin-blume.de\/index.php?rest_route=\/wp\/v2\/users\/1"}],"replies":[{"embeddable":true,"href":"https:\/\/heilpraktikerin-blume.de\/index.php?rest_route=%2Fwp%2Fv2%2Fcomments&post=76"}],"version-history":[{"count":7,"href":"https:\/\/heilpraktikerin-blume.de\/index.php?rest_route=\/wp\/v2\/pages\/76\/revisions"}],"predecessor-version":[{"id":192,"href":"https:\/\/heilpraktikerin-blume.de\/index.php?rest_route=\/wp\/v2\/pages\/76\/revisions\/192"}],"wp:attachment":[{"href":"https:\/\/heilpraktikerin-blume.de\/index.php?rest_route=%2Fwp%2Fv2%2Fmedia&parent=76"}],"curies":[{"name":"wp","href":"https:\/\/api.w.org\/{rel}","templated":true}]}}