{"id":65,"date":"2020-03-11T16:09:28","date_gmt":"2020-03-11T15:09:28","guid":{"rendered":"http:\/\/heilpraktikerin-blume.de\/?page_id=65"},"modified":"2026-02-26T19:43:20","modified_gmt":"2026-02-26T18:43:20","slug":"ueber-mich","status":"publish","type":"page","link":"https:\/\/heilpraktikerin-blume.de\/?page_id=65","title":{"rendered":"\u00dcBER MICH"},"content":{"rendered":"<p>[et_pb_section fb_built=&#8220;1&#8243; admin_label=&#8220;Header&#8220; _builder_version=&#8220;4.16&#8243; background_image=&#8220;https:\/\/heilpraktikerin-blume.de\/wp-content\/uploads\/2020\/03\/massage-17-1.jpg&#8220; background_size=&#8220;contain&#8220; overflow-x=&#8220;hidden&#8220; overflow-y=&#8220;hidden&#8220; custom_padding=&#8220;||0px|||&#8220; locked=&#8220;off&#8220; global_colors_info=&#8220;{}&#8220;][et_pb_row column_structure=&#8220;3_5,2_5&#8243; _builder_version=&#8220;4.16&#8243; custom_padding=&#8220;||0px||false|false&#8220; global_colors_info=&#8220;{}&#8220;][et_pb_column type=&#8220;3_5&#8243; _builder_version=&#8220;4.16&#8243; custom_padding=&#8220;||30px||false|false&#8220; global_colors_info=&#8220;{}&#8220;][et_pb_text _builder_version=&#8220;4.16&#8243; header_font=&#8220;Abel||||||||&#8220; header_font_size=&#8220;110px&#8220; header_letter_spacing=&#8220;12px&#8220; header_line_height=&#8220;1.1em&#8220; header_font_tablet=&#8220;Muli|600|||||||&#8220; header_font_phone=&#8220;&#8220; header_font_last_edited=&#8220;on|desktop&#8220; header_font_size_tablet=&#8220;44px&#8220; header_font_size_phone=&#8220;34px&#8220; header_font_size_last_edited=&#8220;on|phone&#8220; header_letter_spacing_tablet=&#8220;2px&#8220; header_letter_spacing_phone=&#8220;0px&#8220; header_letter_spacing_last_edited=&#8220;on|desktop&#8220; header_text_shadow_style=&#8220;preset3&#8243; header_text_shadow_color=&#8220;#ffffff&#8220; locked=&#8220;off&#8220; global_colors_info=&#8220;{}&#8220;]<\/p>\n<h2><strong>\u00dcBER MICH<\/strong><\/h2>\n<p>[\/et_pb_text][et_pb_text _builder_version=&#8220;4.16&#8243; text_font=&#8220;Abel||||||||&#8220; text_font_size=&#8220;18px&#8220; text_line_height=&#8220;1.8em&#8220; max_width=&#8220;600px&#8220; text_font_size_tablet=&#8220;&#8220; text_font_size_phone=&#8220;14px&#8220; text_font_size_last_edited=&#8220;on|phone&#8220; text_line_height_tablet=&#8220;&#8220; text_line_height_phone=&#8220;1.6em&#8220; text_line_height_last_edited=&#8220;on|desktop&#8220; locked=&#8220;off&#8220; global_colors_info=&#8220;{}&#8220;]<\/p>\n<p><span><strong>1966 geb. in Bremen<\/strong><\/span><\/p>\n<p><span><strong>1986 Abitur<\/strong><\/span><\/p>\n<p><span><strong>Ausbildung zur Konditorin<\/strong><\/span><\/p>\n<p><span><strong>Ausbildung zur PTA<\/strong><\/span><\/p>\n<p><span><strong>Mutter von drei Kindern<\/strong><\/span><\/p>\n<p><span><strong>6 Jahre psychologische Erfahrung und Ausbildung zur Kursleiterin von<\/strong><\/span><br \/><span><strong>Eltern-Kindgruppen<\/strong><\/span><\/p>\n<p><span><strong>3-j\u00e4hrige Ausbildung zur Heilpraktikerin an der staatlich anerkannten<br \/>Heilpraktiker Schule in Hannover Wunstorf<\/strong><\/span><\/p>\n<p><span><strong>Ausbildung zur Cranio-Sacralen-K\u00f6rpertherapeutin<\/strong><\/span><\/p>\n<p><span><strong>Ausbildung zur klassischen Hom\u00f6opathin von dem Nobelpreistr\u00e4ger<\/strong><\/span><br \/><span><strong>George Vithoulkas<\/strong><\/span><\/p>\n<p><span><strong>Energetische Ausbildung in Indien bei Swami Kaleshwar<\/strong><\/span><\/p>\n<p><span><strong>Buchautorin von&#8230;<\/strong><\/span><\/p>\n<p><span><strong>&#8211; Klarheit in der Hom\u00f6opathie<\/strong><\/span><span><strong>\u00a0bei Mensch und Tier<\/strong><\/span><\/p>\n<p><span><strong>&#8211; Hom\u00f6opathie von A &#8211; Z auf einen Blick<\/strong><\/span><\/p>\n<p>&nbsp;<\/p>\n<p><strong><span>Zur Zeit in Ausbildung:<br \/><\/span><\/strong><\/p>\n<p><span><strong>Vertiefung medialer Wahrnehmungssinne im<br \/>Arthur Findley College in England<\/strong><\/span><\/p>\n<p>[\/et_pb_text][\/et_pb_column][et_pb_column type=&#8220;2_5&#8243; _builder_version=&#8220;4.16&#8243; global_colors_info=&#8220;{}&#8220;][et_pb_image src=&#8220;https:\/\/heilpraktikerin-blume.de\/wp-content\/uploads\/2020\/03\/massage-27.jpg&#8220; _builder_version=&#8220;4.16&#8243; max_width_tablet=&#8220;200px&#8220; max_width_phone=&#8220;&#8220; max_width_last_edited=&#8220;on|desktop&#8220; custom_margin=&#8220;-10vw|-10vw|||false|false&#8220; custom_margin_tablet=&#8220;0vw|||0vw|false|false&#8220; custom_margin_phone=&#8220;&#8220; custom_margin_last_edited=&#8220;on|desktop&#8220; global_colors_info=&#8220;{}&#8220;][\/et_pb_image][et_pb_image src=&#8220;https:\/\/heilpraktikerin-blume.de\/wp-content\/uploads\/2020\/05\/84472902_189004032295603_1802283983820554240_n.png&#8220; title_text=&#8220;84472902_189004032295603_1802283983820554240_n&#8220; align=&#8220;right&#8220; _builder_version=&#8220;4.16&#8243; custom_margin=&#8220;-143px|-260px|||false|false&#8220; custom_margin_tablet=&#8220;|0px|||false|false&#8220; custom_margin_phone=&#8220;&#8220; custom_margin_last_edited=&#8220;on|desktop&#8220; locked=&#8220;off&#8220; global_colors_info=&#8220;{}&#8220;][\/et_pb_image][\/et_pb_column][\/et_pb_row][\/et_pb_section][et_pb_section fb_built=&#8220;1&#8243; admin_label=&#8220;About&#8220; _builder_version=&#8220;4.16&#8243; use_background_color_gradient=&#8220;on&#8220; background_color_gradient_direction=&#8220;90deg&#8220; background_color_gradient_stops=&#8220;#ffdfd6 0%|#ffd4a3 100%&#8220; background_color_gradient_start=&#8220;#ffdfd6&#8243; background_color_gradient_end=&#8220;#ffd4a3&#8243; custom_margin=&#8220;160px||230px||false|false&#8220; custom_margin_tablet=&#8220;60px||||false|false&#8220; custom_margin_phone=&#8220;&#8220; custom_margin_last_edited=&#8220;on|phone&#8220; locked=&#8220;off&#8220; global_colors_info=&#8220;{}&#8220;][et_pb_row column_structure=&#8220;2_5,3_5&#8243; use_custom_gutter=&#8220;on&#8220; gutter_width=&#8220;2&#8243; custom_padding_last_edited=&#8220;off|desktop&#8220; _builder_version=&#8220;4.16&#8243; width=&#8220;85%&#8220; max_width=&#8220;1280px&#8220; custom_margin=&#8220;-140px|auto|-226px|auto|false|false&#8220; custom_padding_tablet=&#8220;|40px||40px|false|true&#8220; custom_padding_phone=&#8220;|20px||20px|false|true&#8220; background_last_edited=&#8220;off|desktop&#8220; background_enable_image_tablet=&#8220;off&#8220; global_colors_info=&#8220;{}&#8220;][et_pb_column type=&#8220;2_5&#8243; _builder_version=&#8220;4.16&#8243; global_colors_info=&#8220;{}&#8220;][et_pb_image src=&#8220;https:\/\/heilpraktikerin-blume.de\/wp-content\/uploads\/2020\/03\/massage-23.jpg&#8220; _builder_version=&#8220;4.16&#8243; transform_translate_linked=&#8220;off&#8220; max_width_tablet=&#8220;400px&#8220; max_width_phone=&#8220;&#8220; max_width_last_edited=&#8220;on|desktop&#8220; custom_margin=&#8220;40px|-200px|||false|false&#8220; box_shadow_style=&#8220;preset1&#8243; box_shadow_vertical=&#8220;100px&#8220; box_shadow_blur=&#8220;120px&#8220; box_shadow_spread=&#8220;-40px&#8220; locked=&#8220;off&#8220; global_colors_info=&#8220;{}&#8220;][\/et_pb_image][\/et_pb_column][et_pb_column type=&#8220;3_5&#8243; _builder_version=&#8220;4.16&#8243; background_color=&#8220;#ffffff&#8220; custom_padding=&#8220;|40px|80px|40px|false|true&#8220; custom_padding_tablet=&#8220;40px|0px|40px||true|false&#8220; custom_padding_phone=&#8220;&#8220; custom_padding_last_edited=&#8220;on|tablet&#8220; box_shadow_style=&#8220;preset1&#8243; box_shadow_vertical=&#8220;80px&#8220; box_shadow_blur=&#8220;80px&#8220; box_shadow_color=&#8220;rgba(56,21,11,0.09)&#8220; global_colors_info=&#8220;{}&#8220;][et_pb_text _builder_version=&#8220;4.16&#8243; header_2_font=&#8220;Abel||||||||&#8220; header_2_font_size=&#8220;70px&#8220; header_2_letter_spacing=&#8220;3px&#8220; header_2_line_height=&#8220;1.2em&#8220; max_width=&#8220;800px&#8220; header_2_font_size_tablet=&#8220;38px&#8220; header_2_font_size_phone=&#8220;26px&#8220; header_2_font_size_last_edited=&#8220;on|tablet&#8220; header_2_letter_spacing_tablet=&#8220;1px&#8220; header_2_letter_spacing_phone=&#8220;0px&#8220; header_2_letter_spacing_last_edited=&#8220;on|desktop&#8220; locked=&#8220;off&#8220; global_colors_info=&#8220;{}&#8220;]<\/p>\n<h2>Analysetechniken<\/h2>\n<p>[\/et_pb_text][et_pb_divider color=&#8220;#ffd4a3&#8243; divider_weight=&#8220;2px&#8220; _builder_version=&#8220;4.16&#8243; width=&#8220;100px&#8220; custom_margin=&#8220;||0px|-70px|false|false&#8220; locked=&#8220;off&#8220; global_colors_info=&#8220;{}&#8220;][\/et_pb_divider][et_pb_text _builder_version=&#8220;4.16&#8243; text_font=&#8220;Abel||||||||&#8220; text_font_size=&#8220;18px&#8220; text_line_height=&#8220;1.8em&#8220; max_width=&#8220;600px&#8220; text_font_size_tablet=&#8220;&#8220; text_font_size_phone=&#8220;14px&#8220; text_font_size_last_edited=&#8220;on|phone&#8220; text_line_height_tablet=&#8220;&#8220; text_line_height_phone=&#8220;1.6em&#8220; text_line_height_last_edited=&#8220;on|desktop&#8220; locked=&#8220;off&#8220; global_colors_info=&#8220;{}&#8220;]<\/p>\n<ul>\n<li><strong>&#8230;Analyse der Informationsstrukturen: Erkennen der St\u00f6rungen der Informationsstrukturen des zentralen Steuerungssystems des K\u00f6rpers: des menschlichen K\u00f6rperfeldes<\/strong><\/li>\n<\/ul>\n<p><strong>\u00a0<\/strong><\/p>\n<ul>\n<li><strong>&#8230;Ern\u00e4hrungsanalyse: Erkennen von Problemen bei der Nahrungsaufnahme und beim Stoffwechsel, Erkennung von Malabsorption, Unvertr\u00e4glichkeiten und Intoleranzen gegen\u00fcber bestimmten Nahrungsmitteln &#8211; immer auf der Ebene des Energie- und Informationsfeldes<\/strong><\/li>\n<\/ul>\n<p><strong>\u00a0<\/strong><\/p>\n<ul>\n<li><strong>&#8230;Analyse von Umwelteinfl\u00fcssen: Erfassung funktioneller Sch\u00e4den des K\u00f6rperfeldes durch bestimmte Umweltfaktoren, Giftstoffe und elektromagnetische Felder sowie Beurteilung der F\u00e4higkeiten des K\u00f6rperfeldes, mit deren Auswirkungen umzugehen<\/strong><\/li>\n<\/ul>\n<p>[\/et_pb_text][\/et_pb_column][\/et_pb_row][\/et_pb_section][et_pb_section fb_built=&#8220;1&#8243; admin_label=&#8220;Features&#8220; _builder_version=&#8220;4.16&#8243; global_colors_info=&#8220;{}&#8220;][et_pb_row _builder_version=&#8220;4.16&#8243; global_colors_info=&#8220;{}&#8220;][et_pb_column type=&#8220;4_4&#8243; _builder_version=&#8220;4.16&#8243; global_colors_info=&#8220;{}&#8220;][et_pb_text _builder_version=&#8220;4.16&#8243; header_2_font=&#8220;Abel||||||||&#8220; header_2_font_size=&#8220;70px&#8220; header_2_letter_spacing=&#8220;3px&#8220; header_2_line_height=&#8220;1.2em&#8220; text_orientation=&#8220;center&#8220; max_width=&#8220;800px&#8220; module_alignment=&#8220;center&#8220; header_2_font_size_tablet=&#8220;38px&#8220; header_2_font_size_phone=&#8220;26px&#8220; header_2_font_size_last_edited=&#8220;on|tablet&#8220; header_2_letter_spacing_tablet=&#8220;1px&#8220; header_2_letter_spacing_phone=&#8220;0px&#8220; header_2_letter_spacing_last_edited=&#8220;on|desktop&#8220; text_text_align=&#8220;center&#8220; locked=&#8220;off&#8220; global_colors_info=&#8220;{}&#8220;]<\/p>\n<h2>Ihre Zellstruktur<\/h2>\n<p>[\/et_pb_text][\/et_pb_column][\/et_pb_row][et_pb_row column_structure=&#8220;1_3,1_3,1_3&#8243; _builder_version=&#8220;4.16&#8243; global_colors_info=&#8220;{}&#8220;][et_pb_column type=&#8220;1_3&#8243; _builder_version=&#8220;4.16&#8243; global_colors_info=&#8220;{}&#8220;][et_pb_blurb title=&#8220;Zellaufbau&#8220; image=&#8220;https:\/\/heilpraktikerin-blume.de\/wp-content\/uploads\/2020\/03\/massage-therapy-icon-03.png&#8220; _builder_version=&#8220;4.16&#8243; header_font=&#8220;Abel||||||||&#8220; header_text_color=&#8220;#8f5f25&#8243; header_font_size=&#8220;20px&#8220; header_line_height=&#8220;1.4em&#8220; body_font=&#8220;Abel||||||||&#8220; body_font_size=&#8220;15px&#8220; background_color=&#8220;#ffffff&#8220; background_color_gradient_direction=&#8220;160deg&#8220; text_orientation=&#8220;center&#8220; custom_margin_phone=&#8220;0px||||false|false&#8220; custom_margin_last_edited=&#8220;off|phone&#8220; custom_padding=&#8220;40px|20px|40px|20px|true|true&#8220; link_option_url=&#8220;#&#8220; header_font_size_tablet=&#8220;20px&#8220; header_font_size_phone=&#8220;17px&#8220; header_font_size_last_edited=&#8220;on|phone&#8220; body_line_height_tablet=&#8220;&#8220; body_line_height_phone=&#8220;1.6em&#8220; body_line_height_last_edited=&#8220;on|phone&#8220; box_shadow_style=&#8220;preset1&#8243; box_shadow_vertical=&#8220;50px&#8220; box_shadow_blur=&#8220;80px&#8220; box_shadow_color=&#8220;rgba(12,2,2,0.1)&#8220; locked=&#8220;off&#8220; global_colors_info=&#8220;{}&#8220; transform_styles__hover_enabled=&#8220;on&#8220; transform_scale__hover_enabled=&#8220;on&#8220; transform_translate__hover_enabled=&#8220;on&#8220; transform_rotate__hover_enabled=&#8220;on&#8220; transform_skew__hover_enabled=&#8220;on&#8220; transform_origin__hover_enabled=&#8220;on&#8220; transform_scale__hover=&#8220;106%|106%&#8220;]<\/p>\n<p>Mit unseren Verfahren haben wir die M\u00f6glichkeiten Ihre Zelle von Grund auf zu erneuern.<\/p>\n<p>[\/et_pb_blurb][\/et_pb_column][et_pb_column type=&#8220;1_3&#8243; _builder_version=&#8220;4.16&#8243; global_colors_info=&#8220;{}&#8220;][et_pb_blurb title=&#8220;Zellschutz&#8220; image=&#8220;https:\/\/heilpraktikerin-blume.de\/wp-content\/uploads\/2020\/03\/massage-therapy-icon-06.png&#8220; _builder_version=&#8220;4.16&#8243; header_font=&#8220;Abel||||||||&#8220; header_text_color=&#8220;#8f5f25&#8243; header_font_size=&#8220;20px&#8220; header_line_height=&#8220;1.4em&#8220; body_font=&#8220;Abel||||||||&#8220; body_font_size=&#8220;15px&#8220; background_color=&#8220;#ffffff&#8220; background_color_gradient_direction=&#8220;160deg&#8220; text_orientation=&#8220;center&#8220; custom_margin_phone=&#8220;0px||||false|false&#8220; custom_margin_last_edited=&#8220;off|phone&#8220; custom_padding=&#8220;40px|20px|40px|20px|true|true&#8220; link_option_url=&#8220;#&#8220; header_font_size_tablet=&#8220;20px&#8220; header_font_size_phone=&#8220;17px&#8220; header_font_size_last_edited=&#8220;on|phone&#8220; body_line_height_tablet=&#8220;&#8220; body_line_height_phone=&#8220;1.6em&#8220; body_line_height_last_edited=&#8220;on|phone&#8220; box_shadow_style=&#8220;preset1&#8243; box_shadow_vertical=&#8220;50px&#8220; box_shadow_blur=&#8220;80px&#8220; box_shadow_color=&#8220;rgba(12,2,2,0.1)&#8220; locked=&#8220;off&#8220; global_colors_info=&#8220;{}&#8220; transform_styles__hover_enabled=&#8220;on&#8220; transform_scale__hover=&#8220;106%|106%&#8220; transform_scale__hover_enabled=&#8220;on&#8220; transform_translate__hover_enabled=&#8220;on&#8220; transform_rotate__hover_enabled=&#8220;on&#8220; transform_skew__hover_enabled=&#8220;on&#8220; transform_origin__hover_enabled=&#8220;on&#8220;]<\/p>\n<p>Ihrer Zellen ist mit das wichtigste, damit Sie gesch\u00fctzt bleiben.<\/p>\n<p>[\/et_pb_blurb][\/et_pb_column][et_pb_column type=&#8220;1_3&#8243; _builder_version=&#8220;4.16&#8243; global_colors_info=&#8220;{}&#8220;][et_pb_blurb title=&#8220;Zellunterst\u00fctzung&#8220; image=&#8220;https:\/\/heilpraktikerin-blume.de\/wp-content\/uploads\/2020\/03\/massage-therapy-icon-02.png&#8220; _builder_version=&#8220;4.16&#8243; header_font=&#8220;Abel||||||||&#8220; header_text_color=&#8220;#8f5f25&#8243; header_font_size=&#8220;20px&#8220; header_line_height=&#8220;1.4em&#8220; body_font=&#8220;Abel||||||||&#8220; body_font_size=&#8220;15px&#8220; background_color=&#8220;#ffffff&#8220; background_color_gradient_direction=&#8220;160deg&#8220; text_orientation=&#8220;center&#8220; custom_margin_phone=&#8220;0px||||false|false&#8220; custom_margin_last_edited=&#8220;off|phone&#8220; custom_padding=&#8220;40px|20px|40px|20px|true|true&#8220; link_option_url=&#8220;#&#8220; header_font_size_tablet=&#8220;20px&#8220; header_font_size_phone=&#8220;17px&#8220; header_font_size_last_edited=&#8220;on|phone&#8220; body_line_height_tablet=&#8220;&#8220; body_line_height_phone=&#8220;1.6em&#8220; body_line_height_last_edited=&#8220;on|phone&#8220; box_shadow_style=&#8220;preset1&#8243; box_shadow_vertical=&#8220;50px&#8220; box_shadow_blur=&#8220;80px&#8220; box_shadow_color=&#8220;rgba(12,2,2,0.1)&#8220; locked=&#8220;off&#8220; global_colors_info=&#8220;{}&#8220; transform_styles__hover_enabled=&#8220;on&#8220; transform_scale__hover=&#8220;106%|106%&#8220; transform_scale__hover_enabled=&#8220;on&#8220; transform_translate__hover_enabled=&#8220;on&#8220; transform_rotate__hover_enabled=&#8220;on&#8220; transform_skew__hover_enabled=&#8220;on&#8220; transform_origin__hover_enabled=&#8220;on&#8220;]<\/p>\n<p>Ihre Zellen werden dort unterst\u00fctzt, wo sie auch die Hilfe annehmen k\u00f6nnen.<\/p>\n<p>[\/et_pb_blurb][\/et_pb_column][\/et_pb_row][\/et_pb_section][et_pb_section fb_built=&#8220;1&#8243; specialty=&#8220;on&#8220; custom_css_main_1=&#8220;z-index: 10;&#8220; admin_label=&#8220;Footer&#8220; _builder_version=&#8220;4.16&#8243; background_image=&#8220;https:\/\/heilpraktikerin-blume.de\/wp-content\/uploads\/2020\/03\/massage-17-1.jpg&#8220; background_size=&#8220;contain&#8220; custom_margin=&#8220;||30px||false|false&#8220; custom_margin_tablet=&#8220;||0px||false|false&#8220; custom_margin_phone=&#8220;&#8220; custom_margin_last_edited=&#8220;on|tablet&#8220; locked=&#8220;off&#8220; global_colors_info=&#8220;{}&#8220;][et_pb_column type=&#8220;1_2&#8243; specialty_columns=&#8220;2&#8243; _builder_version=&#8220;4.16&#8243; custom_padding=&#8220;|||&#8220; global_colors_info=&#8220;{}&#8220; custom_padding__hover=&#8220;|||&#8220;][et_pb_row_inner _builder_version=&#8220;4.16&#8243; global_colors_info=&#8220;{}&#8220;][et_pb_column_inner saved_specialty_column_type=&#8220;1_2&#8243; _builder_version=&#8220;4.16&#8243; global_colors_info=&#8220;{}&#8220;][et_pb_text _builder_version=&#8220;4.16&#8243; header_2_font=&#8220;Abel||||||||&#8220; header_2_font_size=&#8220;70px&#8220; header_2_letter_spacing=&#8220;3px&#8220; header_2_line_height=&#8220;1.2em&#8220; max_width=&#8220;800px&#8220; header_2_font_size_tablet=&#8220;38px&#8220; header_2_font_size_phone=&#8220;26px&#8220; header_2_font_size_last_edited=&#8220;on|tablet&#8220; header_2_letter_spacing_tablet=&#8220;1px&#8220; header_2_letter_spacing_phone=&#8220;0px&#8220; header_2_letter_spacing_last_edited=&#8220;on|desktop&#8220; locked=&#8220;off&#8220; global_colors_info=&#8220;{}&#8220;]<\/p>\n<h2>Ver\u00e4nderung<\/h2>\n<p>[\/et_pb_text][\/et_pb_column_inner][\/et_pb_row_inner][et_pb_row_inner custom_padding_last_edited=&#8220;on|phone&#8220; _builder_version=&#8220;4.16&#8243; background_color=&#8220;#fffbf5&#8243; transform_scale=&#8220;138%|138%&#8220; transform_scale_tablet=&#8220;100%|100%&#8220; transform_scale_phone=&#8220;&#8220; transform_scale_last_edited=&#8220;on|desktop&#8220; transform_translate_tablet=&#8220;&#8220; transform_translate_phone=&#8220;&#8220; transform_translate_last_edited=&#8220;on|desktop&#8220; transform_rotate_tablet=&#8220;&#8220; transform_rotate_phone=&#8220;&#8220; transform_rotate_last_edited=&#8220;on|desktop&#8220; transform_skew_tablet=&#8220;&#8220; transform_skew_phone=&#8220;&#8220; transform_skew_last_edited=&#8220;on|desktop&#8220; transform_origin=&#8220;30%|0%&#8220; transform_origin_tablet=&#8220;&#8220; transform_origin_phone=&#8220;&#8220; transform_origin_last_edited=&#8220;on|desktop&#8220; transform_styles_last_edited=&#8220;on|desktop&#8220; custom_margin=&#8220;||||false|false&#8220; custom_padding=&#8220;40px|40px|40px|120px|true|false&#8220; custom_padding_tablet=&#8220;|||40px|true|false&#8220; custom_padding_phone=&#8220;|20px||20px|true|true&#8220; transform_styles_tablet=&#8220;&#8220; transform_styles_phone=&#8220;&#8220; box_shadow_style=&#8220;preset1&#8243; box_shadow_vertical=&#8220;45px&#8220; box_shadow_blur=&#8220;84px&#8220; box_shadow_spread=&#8220;-40px&#8220; global_colors_info=&#8220;{}&#8220;][et_pb_column_inner saved_specialty_column_type=&#8220;1_2&#8243; _builder_version=&#8220;4.16&#8243; global_colors_info=&#8220;{}&#8220;][et_pb_divider color=&#8220;#ffd4a3&#8243; divider_weight=&#8220;2px&#8220; _builder_version=&#8220;4.16&#8243; width=&#8220;100px&#8220; custom_margin=&#8220;||0px|-70px|false|false&#8220; custom_margin_tablet=&#8220;|||0px|false|false&#8220; custom_margin_phone=&#8220;&#8220; custom_margin_last_edited=&#8220;on|desktop&#8220; locked=&#8220;off&#8220; global_colors_info=&#8220;{}&#8220;][\/et_pb_divider][et_pb_text _builder_version=&#8220;4.16&#8243; text_font=&#8220;Abel||||||||&#8220; text_font_size=&#8220;15px&#8220; text_line_height=&#8220;1.8em&#8220; max_width=&#8220;800px&#8220; text_font_size_tablet=&#8220;18px&#8220; text_font_size_phone=&#8220;14px&#8220; text_font_size_last_edited=&#8220;on|phone&#8220; text_line_height_tablet=&#8220;&#8220; text_line_height_phone=&#8220;1.6em&#8220; text_line_height_last_edited=&#8220;on|phone&#8220; locked=&#8220;off&#8220; global_colors_info=&#8220;{}&#8220;]<\/p>\n<p>Ich bilde mich f\u00fcr Sie st\u00e4ndig fort, um Ihnen die bestm\u00f6glichste Behandlung zu Gute kommen lassen.<\/p>\n<p>[\/et_pb_text][\/et_pb_column_inner][\/et_pb_row_inner][\/et_pb_column][et_pb_column type=&#8220;1_2&#8243; _builder_version=&#8220;4.16&#8243; custom_padding=&#8220;|||&#8220; global_colors_info=&#8220;{}&#8220; custom_padding__hover=&#8220;|||&#8220;][et_pb_image src=&#8220;https:\/\/heilpraktikerin-blume.de\/wp-content\/uploads\/2020\/03\/massage-15.jpg&#8220; _builder_version=&#8220;4.16&#8243; locked=&#8220;off&#8220; global_colors_info=&#8220;{}&#8220;][\/et_pb_image][\/et_pb_column][\/et_pb_section][et_pb_section fb_built=&#8220;1&#8243; admin_label=&#8220;Footer&#8220; _builder_version=&#8220;4.16&#8243; locked=&#8220;off&#8220; global_colors_info=&#8220;{}&#8220;][et_pb_row column_structure=&#8220;1_3,1_3,1_3&#8243; _builder_version=&#8220;4.16&#8243; z_index=&#8220;10&#8243; max_width=&#8220;960px&#8220; global_colors_info=&#8220;{}&#8220;][et_pb_column type=&#8220;1_3&#8243; _builder_version=&#8220;4.16&#8243; global_colors_info=&#8220;{}&#8220;][et_pb_blurb title=&#8220;Praxis&#8220; image=&#8220;https:\/\/heilpraktikerin-blume.de\/wp-content\/uploads\/2020\/03\/massage-therapy-icon-09.png&#8220; _builder_version=&#8220;4.16&#8243; header_font=&#8220;Abel||||||||&#8220; header_text_color=&#8220;#8f5f25&#8243; header_font_size=&#8220;20px&#8220; header_line_height=&#8220;1.4em&#8220; body_font=&#8220;Abel||||||||&#8220; body_font_size=&#8220;15px&#8220; text_orientation=&#8220;center&#8220; header_font_size_tablet=&#8220;20px&#8220; header_font_size_phone=&#8220;17px&#8220; header_font_size_last_edited=&#8220;on|phone&#8220; body_line_height_tablet=&#8220;&#8220; body_line_height_phone=&#8220;1.6em&#8220; body_line_height_last_edited=&#8220;on|phone&#8220; locked=&#8220;off&#8220; global_colors_info=&#8220;{}&#8220;]<\/p>\n<p>Am Holzberg 15<\/p>\n<p>38271 Baddeckenstedt<\/p>\n<p>[\/et_pb_blurb][\/et_pb_column][et_pb_column type=&#8220;1_3&#8243; _builder_version=&#8220;4.16&#8243; global_colors_info=&#8220;{}&#8220;][et_pb_blurb title=&#8220;Heilpraktikerin Frauke Blume&#8220; image=&#8220;https:\/\/heilpraktikerin-blume.de\/wp-content\/uploads\/2020\/03\/massage-therapy-icon-012.png&#8220; _builder_version=&#8220;4.16&#8243; header_font=&#8220;Abel||||||||&#8220; header_text_color=&#8220;#8f5f25&#8243; header_font_size=&#8220;20px&#8220; header_line_height=&#8220;1.4em&#8220; body_font=&#8220;Abel||||||||&#8220; body_font_size=&#8220;15px&#8220; text_orientation=&#8220;center&#8220; header_font_size_tablet=&#8220;20px&#8220; header_font_size_phone=&#8220;17px&#8220; header_font_size_last_edited=&#8220;on|phone&#8220; body_line_height_tablet=&#8220;&#8220; body_line_height_phone=&#8220;1.6em&#8220; body_line_height_last_edited=&#8220;on|phone&#8220; locked=&#8220;off&#8220; global_colors_info=&#8220;{}&#8220;]<\/p>\n<p>Telefonnummer:<\/p>\n<p>05062\/9590383 oder 01520\/4835947<\/p>\n<p><a href=\"mailto:info@heilpraktikerin-blume.de\" target=\"_blank\" rel=\"noopener noreferrer\">info@heilpraktikerin-blume.de<\/a><\/p>\n<p>[\/et_pb_blurb][\/et_pb_column][et_pb_column type=&#8220;1_3&#8243; _builder_version=&#8220;4.16&#8243; global_colors_info=&#8220;{}&#8220;][\/et_pb_column][\/et_pb_row][et_pb_row _builder_version=&#8220;4.16&#8243; width=&#8220;100%&#8220; max_width=&#8220;none&#8220; global_colors_info=&#8220;{}&#8220;][et_pb_column type=&#8220;4_4&#8243; _builder_version=&#8220;4.16&#8243; global_colors_info=&#8220;{}&#8220;][et_pb_image src=&#8220;https:\/\/heilpraktikerin-blume.de\/wp-content\/uploads\/2020\/03\/massage-09-1.jpg&#8220; show_bottom_space=&#8220;off&#8220; _builder_version=&#8220;4.16&#8243; custom_margin=&#8220;-7vw||||false|false&#8220; global_colors_info=&#8220;{}&#8220;][\/et_pb_image][\/et_pb_column][\/et_pb_row][\/et_pb_section]<\/p>\n","protected":false},"excerpt":{"rendered":"<p>\u00dcBER MICH1966 geb. in Bremen 1986 Abitur Ausbildung zur Konditorin Ausbildung zur PTA Mutter von drei Kindern 6 Jahre psychologische Erfahrung und Ausbildung zur Kursleiterin vonEltern-Kindgruppen 3-j\u00e4hrige Ausbildung zur Heilpraktikerin an der staatlich anerkanntenHeilpraktiker Schule in Hannover Wunstorf Ausbildung zur Cranio-Sacralen-K\u00f6rpertherapeutin Ausbildung zur klassischen Hom\u00f6opathin von dem Nobelpreistr\u00e4gerGeorge Vithoulkas Energetische Ausbildung in Indien bei Swami [&hellip;]<\/p>\n","protected":false},"author":1,"featured_media":0,"parent":0,"menu_order":0,"comment_status":"closed","ping_status":"closed","template":"","meta":{"_et_pb_use_builder":"on","_et_pb_old_content":"","_et_gb_content_width":"","footnotes":""},"_links":{"self":[{"href":"https:\/\/heilpraktikerin-blume.de\/index.php?rest_route=\/wp\/v2\/pages\/65"}],"collection":[{"href":"https:\/\/heilpraktikerin-blume.de\/index.php?rest_route=\/wp\/v2\/pages"}],"about":[{"href":"https:\/\/heilpraktikerin-blume.de\/index.php?rest_route=\/wp\/v2\/types\/page"}],"author":[{"embeddable":true,"href":"https:\/\/heilpraktikerin-blume.de\/index.php?rest_route=\/wp\/v2\/users\/1"}],"replies":[{"embeddable":true,"href":"https:\/\/heilpraktikerin-blume.de\/index.php?rest_route=%2Fwp%2Fv2%2Fcomments&post=65"}],"version-history":[{"count":12,"href":"https:\/\/heilpraktikerin-blume.de\/index.php?rest_route=\/wp\/v2\/pages\/65\/revisions"}],"predecessor-version":[{"id":312,"href":"https:\/\/heilpraktikerin-blume.de\/index.php?rest_route=\/wp\/v2\/pages\/65\/revisions\/312"}],"wp:attachment":[{"href":"https:\/\/heilpraktikerin-blume.de\/index.php?rest_route=%2Fwp%2Fv2%2Fmedia&parent=65"}],"curies":[{"name":"wp","href":"https:\/\/api.w.org\/{rel}","templated":true}]}}